{"id":1988,"date":"2023-06-26T10:28:13","date_gmt":"2023-06-26T08:28:13","guid":{"rendered":"https:\/\/rre.wpsandbox.introweb.hu\/szolgaltatasok\/"},"modified":"2025-06-10T14:14:14","modified_gmt":"2025-06-10T12:14:14","slug":"szolgaltatasok","status":"publish","type":"page","link":"https:\/\/rre.wpsandbox.introweb.hu\/en\/szolgaltatasok\/","title":{"rendered":"Services"},"content":{"rendered":"<p><div class=\"fusion-fullwidth fullwidth-box fusion-builder-row-1 fusion-flex-container has-pattern-background has-mask-background nonhundred-percent-fullwidth non-hundred-percent-height-scrolling\" style=\"--awb-border-radius-top-left:0px;--awb-border-radius-top-right:0px;--awb-border-radius-bottom-right:0px;--awb-border-radius-bottom-left:0px;--awb-margin-bottom:60px;--awb-background-color:var(--awb-color2);\" ><div class=\"fusion-builder-row fusion-row fusion-flex-align-items-flex-start\" style=\"max-width:1248px;margin-left: calc(-4% \/ 2 );margin-right: calc(-4% \/ 2 );\"><div class=\"fusion-layout-column fusion_builder_column fusion-builder-column-0 fusion_builder_column_1_1 1_1 fusion-flex-column\" style=\"--awb-padding-top:60px;--awb-padding-bottom:60px;--awb-bg-size:cover;--awb-width-large:100%;--awb-margin-top-large:0px;--awb-spacing-right-large:1.92%;--awb-margin-bottom-large:0px;--awb-spacing-left-large:1.92%;--awb-width-medium:100%;--awb-order-medium:0;--awb-spacing-right-medium:1.92%;--awb-spacing-left-medium:1.92%;--awb-width-small:100%;--awb-order-small:0;--awb-spacing-right-small:1.92%;--awb-spacing-left-small:1.92%;\" data-motion-effects=\"[{&quot;type&quot;:&quot;&quot;,&quot;scroll_type&quot;:&quot;transition&quot;,&quot;scroll_direction&quot;:&quot;up&quot;,&quot;transition_speed&quot;:&quot;1&quot;,&quot;fade_type&quot;:&quot;in&quot;,&quot;scale_type&quot;:&quot;up&quot;,&quot;initial_scale&quot;:&quot;1&quot;,&quot;max_scale&quot;:&quot;1.5&quot;,&quot;min_scale&quot;:&quot;0.5&quot;,&quot;initial_rotate&quot;:&quot;0&quot;,&quot;end_rotate&quot;:&quot;30&quot;,&quot;initial_blur&quot;:&quot;0&quot;,&quot;end_blur&quot;:&quot;3&quot;,&quot;start_element&quot;:&quot;top&quot;,&quot;start_viewport&quot;:&quot;bottom&quot;,&quot;end_element&quot;:&quot;bottom&quot;,&quot;end_viewport&quot;:&quot;top&quot;,&quot;mouse_effect&quot;:&quot;track&quot;,&quot;mouse_effect_direction&quot;:&quot;opposite&quot;,&quot;mouse_effect_speed&quot;:&quot;2&quot;,&quot;infinite_animation&quot;:&quot;float&quot;,&quot;infinite_animation_speed&quot;:&quot;2&quot;}]\" data-scroll-devices=\"small-visibility,medium-visibility,large-visibility\"><div class=\"fusion-column-wrapper fusion-column-has-shadow fusion-flex-justify-content-flex-start fusion-content-layout-column\"><div class=\"fusion-breadcrumbs awb-yoast-breadcrumbs fusion-breadcrumbs-1\" style=\"--awb-alignment:left;--awb-font-size:20px;--awb-text-hover-color:var(--awb-color7);--awb-text-color:var(--awb-custom_color_1);text-align:left;\"><span><span><a href=\"https:\/\/rre.wpsandbox.introweb.hu\/en\/\">Home<\/a><\/span><\/span><\/div><div class=\"fusion-title title fusion-title-1 fusion-sep-none fusion-title-text fusion-title-size-one\"><h1 class=\"title-heading-left fusion-responsive-typography-calculated\" style=\"margin:0;--fontSize:64;line-height:var(--awb-typography1-line-height);\">Services<\/h1><\/div><\/div><\/div><\/div><\/div>\n<div class=\"fusion-fullwidth fullwidth-box fusion-builder-row-2 fusion-flex-container has-pattern-background has-mask-background nonhundred-percent-fullwidth non-hundred-percent-height-scrolling\" style=\"--awb-border-radius-top-left:0px;--awb-border-radius-top-right:0px;--awb-border-radius-bottom-right:0px;--awb-border-radius-bottom-left:0px;\" ><div class=\"fusion-builder-row fusion-row fusion-flex-align-items-flex-start\" style=\"max-width:1248px;margin-left: calc(-4% \/ 2 );margin-right: calc(-4% \/ 2 );\"><div class=\"fusion-layout-column fusion_builder_column fusion-builder-column-1 fusion_builder_column_1_1 1_1 fusion-flex-column\" style=\"--awb-bg-size:cover;--awb-width-large:100%;--awb-margin-top-large:0px;--awb-spacing-right-large:1.92%;--awb-margin-bottom-large:20px;--awb-spacing-left-large:1.92%;--awb-width-medium:100%;--awb-order-medium:0;--awb-spacing-right-medium:1.92%;--awb-spacing-left-medium:1.92%;--awb-width-small:100%;--awb-order-small:0;--awb-spacing-right-small:1.92%;--awb-spacing-left-small:1.92%;\"><div class=\"fusion-column-wrapper fusion-column-has-shadow fusion-flex-justify-content-flex-start fusion-content-layout-column\"><div class=\"fusion-builder-row fusion-builder-row-inner fusion-row fusion-flex-align-items-flex-start\" style=\"width:104% !important;max-width:104% !important;margin-left: calc(-4% \/ 2 );margin-right: calc(-4% \/ 2 );\"><div class=\"fusion-layout-column fusion_builder_column_inner fusion-builder-nested-column-0 fusion_builder_column_inner_1_3 1_3 fusion-flex-column fusion-column-inner-bg-wrapper\" style=\"--awb-inner-bg-size:cover;--awb-width-large:33.333333333333%;--awb-margin-top-large:0px;--awb-spacing-right-large:5.76%;--awb-margin-bottom-large:2rem;--awb-spacing-left-large:5.76%;--awb-width-medium:50%;--awb-order-medium:0;--awb-spacing-right-medium:3.84%;--awb-spacing-left-medium:3.84%;--awb-width-small:100%;--awb-order-small:0;--awb-spacing-right-small:1.92%;--awb-spacing-left-small:1.92%;\" data-motion-effects=\"[{&quot;type&quot;:&quot;&quot;,&quot;scroll_type&quot;:&quot;transition&quot;,&quot;scroll_direction&quot;:&quot;up&quot;,&quot;transition_speed&quot;:&quot;1&quot;,&quot;fade_type&quot;:&quot;in&quot;,&quot;scale_type&quot;:&quot;up&quot;,&quot;initial_scale&quot;:&quot;1&quot;,&quot;max_scale&quot;:&quot;1.5&quot;,&quot;min_scale&quot;:&quot;0.5&quot;,&quot;initial_rotate&quot;:&quot;0&quot;,&quot;end_rotate&quot;:&quot;30&quot;,&quot;initial_blur&quot;:&quot;0&quot;,&quot;end_blur&quot;:&quot;3&quot;,&quot;start_element&quot;:&quot;top&quot;,&quot;start_viewport&quot;:&quot;bottom&quot;,&quot;end_element&quot;:&quot;bottom&quot;,&quot;end_viewport&quot;:&quot;top&quot;,&quot;mouse_effect&quot;:&quot;track&quot;,&quot;mouse_effect_direction&quot;:&quot;opposite&quot;,&quot;mouse_effect_speed&quot;:&quot;2&quot;,&quot;infinite_animation&quot;:&quot;float&quot;,&quot;infinite_animation_speed&quot;:&quot;2&quot;}]\" data-scroll-devices=\"small-visibility,medium-visibility,large-visibility\"><span class=\"fusion-column-inner-bg hover-type-none\"><a class=\"fusion-column-anchor\" href=\"https:\/\/rre.wpsandbox.introweb.hu\/en\/szolgaltatasok\/cimkenyomtatas\/\"><span class=\"fusion-column-inner-bg-image\"><\/span><\/a><\/span><div class=\"fusion-column-wrapper fusion-column-has-shadow fusion-flex-justify-content-flex-start fusion-content-layout-column\"><div class=\"fusion-image-element \" style=\"--awb-margin-bottom:1rem;--awb-caption-title-font-family:var(--h2_typography-font-family);--awb-caption-title-font-weight:var(--h2_typography-font-weight);--awb-caption-title-font-style:var(--h2_typography-font-style);--awb-caption-title-size:var(--h2_typography-font-size);--awb-caption-title-transform:var(--h2_typography-text-transform);--awb-caption-title-line-height:var(--h2_typography-line-height);--awb-caption-title-letter-spacing:var(--h2_typography-letter-spacing);\"><span class=\" fusion-imageframe imageframe-none imageframe-1 hover-type-none\" style=\"border-radius:5px;\" class=\"image-magnify\" class=\"image-scroll\"><img decoding=\"async\" width=\"612\" height=\"408\" title=\"istockphoto-170998531-612&#215;612-1-min\" src=\"https:\/\/rre.wpsandbox.introweb.hu\/wp-content\/uploads\/2023\/07\/istockphoto-170998531-612x612-1-min.jpg\" data-orig-src=\"https:\/\/rre.wpsandbox.introweb.hu\/wp-content\/uploads\/2023\/07\/istockphoto-170998531-612x612-1-min.jpg\" alt class=\"lazyload img-responsive wp-image-1440\" srcset=\"data:image\/svg+xml,%3Csvg%20xmlns%3D%27http%3A%2F%2Fwww.w3.org%2F2000%2Fsvg%27%20width%3D%27612%27%20height%3D%27408%27%20viewBox%3D%270%200%20612%20408%27%3E%3Crect%20width%3D%27612%27%20height%3D%27408%27%20fill-opacity%3D%220%22%2F%3E%3C%2Fsvg%3E\" data-srcset=\"https:\/\/rre.wpsandbox.introweb.hu\/wp-content\/uploads\/2023\/07\/istockphoto-170998531-612x612-1-min-200x133.jpg 200w, https:\/\/rre.wpsandbox.introweb.hu\/wp-content\/uploads\/2023\/07\/istockphoto-170998531-612x612-1-min-400x267.jpg 400w, https:\/\/rre.wpsandbox.introweb.hu\/wp-content\/uploads\/2023\/07\/istockphoto-170998531-612x612-1-min-600x400.jpg 600w, https:\/\/rre.wpsandbox.introweb.hu\/wp-content\/uploads\/2023\/07\/istockphoto-170998531-612x612-1-min.jpg 612w\" data-sizes=\"auto\" data-orig-sizes=\"(max-width: 640px) 100vw, 400px\" \/><\/span><\/div><div class=\"fusion-title title fusion-title-2 fusion-sep-none fusion-title-text fusion-title-size-two\" style=\"--awb-font-size:27px;\"><h2 class=\"title-heading-left fusion-responsive-typography-calculated\" style=\"margin:0;font-size:1em;--fontSize:27;line-height:var(--awb-typography1-line-height);\"><p style=\"text-align: center;\">Label Printing<\/p><\/h2><\/div><\/div><\/div><div class=\"fusion-layout-column fusion_builder_column_inner fusion-builder-nested-column-1 fusion_builder_column_inner_1_3 1_3 fusion-flex-column fusion-column-inner-bg-wrapper\" style=\"--awb-inner-bg-size:cover;--awb-width-large:33.333333333333%;--awb-margin-top-large:0px;--awb-spacing-right-large:5.76%;--awb-margin-bottom-large:2rem;--awb-spacing-left-large:5.76%;--awb-width-medium:50%;--awb-order-medium:0;--awb-spacing-right-medium:3.84%;--awb-spacing-left-medium:3.84%;--awb-width-small:100%;--awb-order-small:0;--awb-spacing-right-small:1.92%;--awb-spacing-left-small:1.92%;\" data-motion-effects=\"[{&quot;type&quot;:&quot;&quot;,&quot;scroll_type&quot;:&quot;transition&quot;,&quot;scroll_direction&quot;:&quot;up&quot;,&quot;transition_speed&quot;:&quot;1&quot;,&quot;fade_type&quot;:&quot;in&quot;,&quot;scale_type&quot;:&quot;up&quot;,&quot;initial_scale&quot;:&quot;1&quot;,&quot;max_scale&quot;:&quot;1.5&quot;,&quot;min_scale&quot;:&quot;0.5&quot;,&quot;initial_rotate&quot;:&quot;0&quot;,&quot;end_rotate&quot;:&quot;30&quot;,&quot;initial_blur&quot;:&quot;0&quot;,&quot;end_blur&quot;:&quot;3&quot;,&quot;start_element&quot;:&quot;top&quot;,&quot;start_viewport&quot;:&quot;bottom&quot;,&quot;end_element&quot;:&quot;bottom&quot;,&quot;end_viewport&quot;:&quot;top&quot;,&quot;mouse_effect&quot;:&quot;track&quot;,&quot;mouse_effect_direction&quot;:&quot;opposite&quot;,&quot;mouse_effect_speed&quot;:&quot;2&quot;,&quot;infinite_animation&quot;:&quot;float&quot;,&quot;infinite_animation_speed&quot;:&quot;2&quot;}]\" data-scroll-devices=\"small-visibility,medium-visibility,large-visibility\"><span class=\"fusion-column-inner-bg hover-type-none\"><a class=\"fusion-column-anchor\" href=\"https:\/\/rre.wpsandbox.introweb.hu\/en\/szolgaltatasok\/folianyomtatas\/\"><span class=\"fusion-column-inner-bg-image\"><\/span><\/a><\/span><div class=\"fusion-column-wrapper fusion-column-has-shadow fusion-flex-justify-content-flex-start fusion-content-layout-column\"><div class=\"fusion-image-element \" style=\"--awb-margin-bottom:1rem;--awb-caption-title-font-family:var(--h2_typography-font-family);--awb-caption-title-font-weight:var(--h2_typography-font-weight);--awb-caption-title-font-style:var(--h2_typography-font-style);--awb-caption-title-size:var(--h2_typography-font-size);--awb-caption-title-transform:var(--h2_typography-text-transform);--awb-caption-title-line-height:var(--h2_typography-line-height);--awb-caption-title-letter-spacing:var(--h2_typography-letter-spacing);\"><span class=\" fusion-imageframe imageframe-none imageframe-2 hover-type-none\" style=\"border-radius:5px;\" class=\"image-magnify\" class=\"image-scroll\"><img decoding=\"async\" width=\"612\" height=\"408\" title=\"Chipsbag-980&#215;551-min-min\" src=\"https:\/\/rre.wpsandbox.introweb.hu\/wp-content\/uploads\/2023\/07\/Chipsbag-980x551-min-min.jpg\" data-orig-src=\"https:\/\/rre.wpsandbox.introweb.hu\/wp-content\/uploads\/2023\/07\/Chipsbag-980x551-min-min.jpg\" alt class=\"lazyload img-responsive wp-image-1534\" srcset=\"data:image\/svg+xml,%3Csvg%20xmlns%3D%27http%3A%2F%2Fwww.w3.org%2F2000%2Fsvg%27%20width%3D%27612%27%20height%3D%27408%27%20viewBox%3D%270%200%20612%20408%27%3E%3Crect%20width%3D%27612%27%20height%3D%27408%27%20fill-opacity%3D%220%22%2F%3E%3C%2Fsvg%3E\" data-srcset=\"https:\/\/rre.wpsandbox.introweb.hu\/wp-content\/uploads\/2023\/07\/Chipsbag-980x551-min-min-200x133.jpg 200w, https:\/\/rre.wpsandbox.introweb.hu\/wp-content\/uploads\/2023\/07\/Chipsbag-980x551-min-min-400x267.jpg 400w, https:\/\/rre.wpsandbox.introweb.hu\/wp-content\/uploads\/2023\/07\/Chipsbag-980x551-min-min-600x400.jpg 600w, https:\/\/rre.wpsandbox.introweb.hu\/wp-content\/uploads\/2023\/07\/Chipsbag-980x551-min-min.jpg 612w\" data-sizes=\"auto\" data-orig-sizes=\"(max-width: 640px) 100vw, 400px\" \/><\/span><\/div><div class=\"fusion-title title fusion-title-3 fusion-sep-none fusion-title-text fusion-title-size-two\" style=\"--awb-font-size:27px;\"><h2 class=\"title-heading-left fusion-responsive-typography-calculated\" style=\"margin:0;font-size:1em;--fontSize:27;line-height:var(--awb-typography1-line-height);\"><p style=\"text-align: center;\">Foil printing<\/p><\/h2><\/div><\/div><\/div><\/div><\/div><\/div><\/div><\/div><div class=\"fusion-fullwidth fullwidth-box fusion-builder-row-3 fusion-flex-container has-pattern-background has-mask-background szechenyi-terv nonhundred-percent-fullwidth non-hundred-percent-height-scrolling\" style=\"--awb-border-radius-top-left:0px;--awb-border-radius-top-right:0px;--awb-border-radius-bottom-right:0px;--awb-border-radius-bottom-left:0px;\" ><div class=\"fusion-builder-row fusion-row fusion-flex-align-items-flex-start\" style=\"max-width:1248px;margin-left: calc(-4% \/ 2 );margin-right: calc(-4% \/ 2 );\"><div class=\"fusion-layout-column fusion_builder_column fusion-builder-column-2 fusion_builder_column_1_1 1_1 fusion-flex-column\" style=\"--awb-bg-size:cover;--awb-width-large:100%;--awb-margin-top-large:0px;--awb-spacing-right-large:1.92%;--awb-margin-bottom-large:20px;--awb-spacing-left-large:1.92%;--awb-width-medium:100%;--awb-order-medium:0;--awb-spacing-right-medium:1.92%;--awb-spacing-left-medium:1.92%;--awb-width-small:100%;--awb-order-small:0;--awb-spacing-right-small:1.92%;--awb-spacing-left-small:1.92%;\"><div class=\"fusion-column-wrapper fusion-column-has-shadow fusion-flex-justify-content-flex-start fusion-content-layout-column\"><div class=\"fusion-image-element \" style=\"--awb-caption-title-font-family:var(--h2_typography-font-family);--awb-caption-title-font-weight:var(--h2_typography-font-weight);--awb-caption-title-font-style:var(--h2_typography-font-style);--awb-caption-title-size:var(--h2_typography-font-size);--awb-caption-title-transform:var(--h2_typography-text-transform);--awb-caption-title-line-height:var(--h2_typography-line-height);--awb-caption-title-letter-spacing:var(--h2_typography-letter-spacing);\"><span class=\" fusion-imageframe imageframe-none imageframe-3 hover-type-none\" class=\"image-scroll\"><a class=\"fusion-no-lightbox\" href=\"https:\/\/rre.wpsandbox.introweb.hu\/elnyert-palyazatok\/\" target=\"_self\" aria-label=\"palyazat-Egyedi-1\"><img decoding=\"async\" width=\"172\" height=\"120\" src=\"data:image\/svg+xml,%3Csvg%20xmlns%3D%27http%3A%2F%2Fwww.w3.org%2F2000%2Fsvg%27%20width%3D%27172%27%20height%3D%27120%27%20viewBox%3D%270%200%20172%20120%27%3E%3Crect%20width%3D%27172%27%20height%3D%27120%27%20fill-opacity%3D%220%22%2F%3E%3C%2Fsvg%3E\" data-orig-src=\"https:\/\/rre.wpsandbox.introweb.hu\/wp-content\/uploads\/2023\/06\/palyazat-Egyedi-1.png\" alt class=\"lazyload img-responsive wp-image-846\"\/><\/a><\/span><\/div><\/div><\/div><\/div><\/div>\n<\/p>\n","protected":false},"excerpt":{"rendered":"","protected":false},"author":1,"featured_media":0,"parent":0,"menu_order":0,"comment_status":"closed","ping_status":"closed","template":"100-width.php","meta":{"inline_featured_image":false,"footnotes":""},"class_list":["post-1988","page","type-page","status-publish","hentry"],"yoast_head":"<!-- This site is optimized with the Yoast SEO Premium plugin v20.12 (Yoast SEO v20.12) - https:\/\/yoast.com\/wordpress\/plugins\/seo\/ -->\n<title>Services - RRE Nyomda | C\u00edmke \u00e9s csomagol\u00f3anyag nyomda<\/title>\n<meta name=\"description\" content=\"Az RRE Nyomda szolg\u00e1ltat\u00e1sai k\u00f6z\u00e9 tartozik UV c\u00edmke nyomtat\u00e1sa, vonalk\u00f3d nyomtat\u00e1s, f\u00f3lia nyomtat\u00e1s \u00e9s egyedi c\u00edmke nyomtat\u00e1sa.\" \/>\n<meta name=\"robots\" content=\"index, follow, max-snippet:-1, max-image-preview:large, max-video-preview:-1\" \/>\n<link rel=\"canonical\" href=\"https:\/\/rre.wpsandbox.introweb.hu\/en\/szolgaltatasok\/\" \/>\n<meta property=\"og:locale\" content=\"en_US\" \/>\n<meta property=\"og:type\" content=\"article\" \/>\n<meta property=\"og:title\" content=\"Services\" \/>\n<meta property=\"og:description\" content=\"Az RRE Nyomda szolg\u00e1ltat\u00e1sai k\u00f6z\u00e9 tartozik UV c\u00edmke nyomtat\u00e1sa, vonalk\u00f3d nyomtat\u00e1s, f\u00f3lia nyomtat\u00e1s \u00e9s egyedi c\u00edmke nyomtat\u00e1sa.\" \/>\n<meta property=\"og:url\" content=\"https:\/\/rre.wpsandbox.introweb.hu\/en\/szolgaltatasok\/\" \/>\n<meta property=\"og:site_name\" content=\"RRE Nyomda | C\u00edmke \u00e9s csomagol\u00f3anyag nyomda\" \/>\n<meta property=\"article:modified_time\" content=\"2025-06-10T12:14:14+00:00\" \/>\n<meta property=\"og:image\" content=\"https:\/\/rre.wpsandbox.introweb.hu\/wp-content\/uploads\/2023\/07\/og-image.jpg\" \/>\n\t<meta property=\"og:image:width\" content=\"1200\" \/>\n\t<meta property=\"og:image:height\" content=\"630\" \/>\n\t<meta property=\"og:image:type\" content=\"image\/jpeg\" \/>\n<meta name=\"twitter:card\" content=\"summary_large_image\" \/>\n<meta name=\"twitter:label1\" content=\"Est. reading time\" \/>\n\t<meta name=\"twitter:data1\" content=\"9 minutes\" \/>\n<script type=\"application\/ld+json\" class=\"yoast-schema-graph\">{\"@context\":\"https:\/\/schema.org\",\"@graph\":[{\"@type\":\"WebPage\",\"@id\":\"https:\/\/rre.wpsandbox.introweb.hu\/en\/szolgaltatasok\/\",\"url\":\"https:\/\/rre.wpsandbox.introweb.hu\/en\/szolgaltatasok\/\",\"name\":\"Services - RRE Nyomda | C\u00edmke \u00e9s csomagol\u00f3anyag nyomda\",\"isPartOf\":{\"@id\":\"https:\/\/rre.wpsandbox.introweb.hu\/en\/#website\"},\"datePublished\":\"2023-06-26T08:28:13+00:00\",\"dateModified\":\"2025-06-10T12:14:14+00:00\",\"description\":\"Az RRE Nyomda szolg\u00e1ltat\u00e1sai k\u00f6z\u00e9 tartozik UV c\u00edmke nyomtat\u00e1sa, vonalk\u00f3d nyomtat\u00e1s, f\u00f3lia nyomtat\u00e1s \u00e9s egyedi c\u00edmke nyomtat\u00e1sa.\",\"breadcrumb\":{\"@id\":\"https:\/\/rre.wpsandbox.introweb.hu\/en\/szolgaltatasok\/#breadcrumb\"},\"inLanguage\":\"en-US\",\"potentialAction\":[{\"@type\":\"ReadAction\",\"target\":[\"https:\/\/rre.wpsandbox.introweb.hu\/en\/szolgaltatasok\/\"]}]},{\"@type\":\"BreadcrumbList\",\"@id\":\"https:\/\/rre.wpsandbox.introweb.hu\/en\/szolgaltatasok\/#breadcrumb\",\"itemListElement\":[{\"@type\":\"ListItem\",\"position\":1,\"name\":\"Home\",\"item\":\"https:\/\/rre.wpsandbox.introweb.hu\/en\/\"},{\"@type\":\"ListItem\",\"position\":2,\"name\":\"Services\"}]},{\"@type\":\"WebSite\",\"@id\":\"https:\/\/rre.wpsandbox.introweb.hu\/en\/#website\",\"url\":\"https:\/\/rre.wpsandbox.introweb.hu\/en\/\",\"name\":\"RRE Nyomda | C\u00edmke \u00e9s csomagol\u00f3anyag nyomda\",\"description\":\"\",\"publisher\":{\"@id\":\"https:\/\/rre.wpsandbox.introweb.hu\/en\/#organization\"},\"potentialAction\":[{\"@type\":\"SearchAction\",\"target\":{\"@type\":\"EntryPoint\",\"urlTemplate\":\"https:\/\/rre.wpsandbox.introweb.hu\/en\/?s={search_term_string}\"},\"query-input\":\"required name=search_term_string\"}],\"inLanguage\":\"en-US\"},{\"@type\":\"Organization\",\"@id\":\"https:\/\/rre.wpsandbox.introweb.hu\/en\/#organization\",\"name\":\"RRE Nyomda | C\u00edmke \u00e9s csomagol\u00f3anyag nyomda\",\"url\":\"https:\/\/rre.wpsandbox.introweb.hu\/en\/\",\"logo\":{\"@type\":\"ImageObject\",\"inLanguage\":\"en-US\",\"@id\":\"https:\/\/rre.wpsandbox.introweb.hu\/en\/#\/schema\/logo\/image\/\",\"url\":\"https:\/\/rre.wpsandbox.introweb.hu\/wp-content\/uploads\/2023\/07\/og-image.jpg\",\"contentUrl\":\"https:\/\/rre.wpsandbox.introweb.hu\/wp-content\/uploads\/2023\/07\/og-image.jpg\",\"width\":1200,\"height\":630,\"caption\":\"RRE Nyomda | C\u00edmke \u00e9s csomagol\u00f3anyag nyomda\"},\"image\":{\"@id\":\"https:\/\/rre.wpsandbox.introweb.hu\/en\/#\/schema\/logo\/image\/\"}}]}<\/script>\n<!-- \/ Yoast SEO Premium plugin. -->","yoast_head_json":{"title":"Services - RRE Nyomda | C\u00edmke \u00e9s csomagol\u00f3anyag nyomda","description":"Az RRE Nyomda szolg\u00e1ltat\u00e1sai k\u00f6z\u00e9 tartozik UV c\u00edmke nyomtat\u00e1sa, vonalk\u00f3d nyomtat\u00e1s, f\u00f3lia nyomtat\u00e1s \u00e9s egyedi c\u00edmke nyomtat\u00e1sa.","robots":{"index":"index","follow":"follow","max-snippet":"max-snippet:-1","max-image-preview":"max-image-preview:large","max-video-preview":"max-video-preview:-1"},"canonical":"https:\/\/rre.wpsandbox.introweb.hu\/en\/szolgaltatasok\/","og_locale":"en_US","og_type":"article","og_title":"Services","og_description":"Az RRE Nyomda szolg\u00e1ltat\u00e1sai k\u00f6z\u00e9 tartozik UV c\u00edmke nyomtat\u00e1sa, vonalk\u00f3d nyomtat\u00e1s, f\u00f3lia nyomtat\u00e1s \u00e9s egyedi c\u00edmke nyomtat\u00e1sa.","og_url":"https:\/\/rre.wpsandbox.introweb.hu\/en\/szolgaltatasok\/","og_site_name":"RRE Nyomda | C\u00edmke \u00e9s csomagol\u00f3anyag nyomda","article_modified_time":"2025-06-10T12:14:14+00:00","og_image":[{"width":1200,"height":630,"url":"https:\/\/rre.wpsandbox.introweb.hu\/wp-content\/uploads\/2023\/07\/og-image.jpg","type":"image\/jpeg"}],"twitter_card":"summary_large_image","twitter_misc":{"Est. reading time":"9 minutes"},"schema":{"@context":"https:\/\/schema.org","@graph":[{"@type":"WebPage","@id":"https:\/\/rre.wpsandbox.introweb.hu\/en\/szolgaltatasok\/","url":"https:\/\/rre.wpsandbox.introweb.hu\/en\/szolgaltatasok\/","name":"Services - RRE Nyomda | C\u00edmke \u00e9s csomagol\u00f3anyag nyomda","isPartOf":{"@id":"https:\/\/rre.wpsandbox.introweb.hu\/en\/#website"},"datePublished":"2023-06-26T08:28:13+00:00","dateModified":"2025-06-10T12:14:14+00:00","description":"Az RRE Nyomda szolg\u00e1ltat\u00e1sai k\u00f6z\u00e9 tartozik UV c\u00edmke nyomtat\u00e1sa, vonalk\u00f3d nyomtat\u00e1s, f\u00f3lia nyomtat\u00e1s \u00e9s egyedi c\u00edmke nyomtat\u00e1sa.","breadcrumb":{"@id":"https:\/\/rre.wpsandbox.introweb.hu\/en\/szolgaltatasok\/#breadcrumb"},"inLanguage":"en-US","potentialAction":[{"@type":"ReadAction","target":["https:\/\/rre.wpsandbox.introweb.hu\/en\/szolgaltatasok\/"]}]},{"@type":"BreadcrumbList","@id":"https:\/\/rre.wpsandbox.introweb.hu\/en\/szolgaltatasok\/#breadcrumb","itemListElement":[{"@type":"ListItem","position":1,"name":"Home","item":"https:\/\/rre.wpsandbox.introweb.hu\/en\/"},{"@type":"ListItem","position":2,"name":"Services"}]},{"@type":"WebSite","@id":"https:\/\/rre.wpsandbox.introweb.hu\/en\/#website","url":"https:\/\/rre.wpsandbox.introweb.hu\/en\/","name":"RRE Nyomda | C\u00edmke \u00e9s csomagol\u00f3anyag nyomda","description":"","publisher":{"@id":"https:\/\/rre.wpsandbox.introweb.hu\/en\/#organization"},"potentialAction":[{"@type":"SearchAction","target":{"@type":"EntryPoint","urlTemplate":"https:\/\/rre.wpsandbox.introweb.hu\/en\/?s={search_term_string}"},"query-input":"required name=search_term_string"}],"inLanguage":"en-US"},{"@type":"Organization","@id":"https:\/\/rre.wpsandbox.introweb.hu\/en\/#organization","name":"RRE Nyomda | C\u00edmke \u00e9s csomagol\u00f3anyag nyomda","url":"https:\/\/rre.wpsandbox.introweb.hu\/en\/","logo":{"@type":"ImageObject","inLanguage":"en-US","@id":"https:\/\/rre.wpsandbox.introweb.hu\/en\/#\/schema\/logo\/image\/","url":"https:\/\/rre.wpsandbox.introweb.hu\/wp-content\/uploads\/2023\/07\/og-image.jpg","contentUrl":"https:\/\/rre.wpsandbox.introweb.hu\/wp-content\/uploads\/2023\/07\/og-image.jpg","width":1200,"height":630,"caption":"RRE Nyomda | C\u00edmke \u00e9s csomagol\u00f3anyag nyomda"},"image":{"@id":"https:\/\/rre.wpsandbox.introweb.hu\/en\/#\/schema\/logo\/image\/"}}]}},"_links":{"self":[{"href":"https:\/\/rre.wpsandbox.introweb.hu\/en\/wp-json\/wp\/v2\/pages\/1988","targetHints":{"allow":["GET"]}}],"collection":[{"href":"https:\/\/rre.wpsandbox.introweb.hu\/en\/wp-json\/wp\/v2\/pages"}],"about":[{"href":"https:\/\/rre.wpsandbox.introweb.hu\/en\/wp-json\/wp\/v2\/types\/page"}],"author":[{"embeddable":true,"href":"https:\/\/rre.wpsandbox.introweb.hu\/en\/wp-json\/wp\/v2\/users\/1"}],"replies":[{"embeddable":true,"href":"https:\/\/rre.wpsandbox.introweb.hu\/en\/wp-json\/wp\/v2\/comments?post=1988"}],"version-history":[{"count":4,"href":"https:\/\/rre.wpsandbox.introweb.hu\/en\/wp-json\/wp\/v2\/pages\/1988\/revisions"}],"predecessor-version":[{"id":2030,"href":"https:\/\/rre.wpsandbox.introweb.hu\/en\/wp-json\/wp\/v2\/pages\/1988\/revisions\/2030"}],"wp:attachment":[{"href":"https:\/\/rre.wpsandbox.introweb.hu\/en\/wp-json\/wp\/v2\/media?parent=1988"}],"curies":[{"name":"wp","href":"https:\/\/api.w.org\/{rel}","templated":true}]}}